{"id":2005,"date":"2016-05-23T17:41:07","date_gmt":"2016-05-23T15:41:07","guid":{"rendered":"https:\/\/diefarm.u-car.eliassomvi.com\/?page_id=2005&#038;lang=it"},"modified":"2026-02-02T16:45:04","modified_gmt":"2026-02-02T15:45:04","slug":"home","status":"publish","type":"page","link":"https:\/\/u-car.it\/it\/","title":{"rendered":"Home"},"content":{"rendered":"<div class=\"wpb-content-wrapper\"><p>[vc_row][vc_column][\/vc_column][\/vc_row][vc_row el_class=&#8221;padding-bottom-40 margin-bottom-none&#8221;][vc_column width=&#8221;1\/2&#8243;][vc_single_image image=&#8221;12526&#8243; img_size=&#8221;640&#215;360&#8243; css=&#8221;&#8221;][vc_column_text css=&#8221;.vc_custom_1769421318953{margin-top: 20px !important;}&#8221;]<\/p>\n<h3 class=\"margin-bottom-10\" style=\"text-align: justify;\">u-car caravaning<\/h3>\n<p style=\"text-align: justify;\"><span class=\"carthago\">u-car caravaning<\/span> nasce nel 2016 come rivenditore autorizzato in Trentino \u2013 Alto Adige per i camper\u00a0<span class=\"carthago\">Niesmann+Bischoff<\/span>. Nel 2018 la gamma di prodotti rappresentati si \u00e8 allargata con <span class=\"carthago\">Hymer <\/span>e nel 2019 con <span class=\"carthago\">Laika<\/span>. Nel nostro show-room un team ambizioso \u00e8 a Vostra disposizione per rispondere ad ogni domanda. Vi aspettiamo per offrirVi una consulenza su misura per la scelta e l&#8217;acquisto del Vostro nuovo camper.<\/p>\n<p>[\/vc_column_text][vc_separator][vc_video link=&#8221;https:\/\/www.youtube.com\/watch?v=Bl6FzCHYyc4&#8243;][vc_column_text]<\/p>\n<h3 class=\"margin-bottom-10\">Hymer<\/h3>\n<p style=\"text-align: justify;\">Gi\u00e0 da oltre 60 anni Hymer influenza profondamente tutto il mercato delle vacanze itineranti. Autocaravan e furgonati di alta qualit\u00e0 sono sinonimo di Hymer. Nonostante sia uno dei leader del mercato, Hymer \u00e8 uno dei produttori pi\u00f9 innovativi, sempre con l&#8217;idea di migliorare il proprio prodotto.<\/p>\n<p>[\/vc_column_text][\/vc_column][vc_column width=&#8221;1\/2&#8243;][vc_video link=&#8221;https:\/\/www.youtube.com\/watch?v=EuG0WeSRyvA&#8221;][vc_column_text]<\/p>\n<h3 class=\"margin-bottom-10\" style=\"text-align: justify;\">Niesmann+Bischoff<\/h3>\n<p style=\"text-align: justify;\">La domanda principale per Niesmann+Bischoff \u00e8 &#8220;che esperienza volete fare oggi?&#8221;. Per essere il partner ideale per le Vostre vacanze, Niesmann+Bischoff cerca sempre di sviluppare i propri prodotti. Nonostante innumerevoli possibilit\u00e0 di individualizzazioni, l&#8217;obiettivo \u00e8 sempre di migliorare la qualit\u00e0 dei propri camper.<\/p>\n<p>[\/vc_column_text][vc_empty_space height=&#8221;48px&#8221;][vc_separator][vc_video link=&#8221;https:\/\/www.youtube.com\/watch?v=XH6_6lyaOew&#8221;][vc_column_text]<\/p>\n<h3 class=\"margin-bottom-10\">Laika<\/h3>\n<p style=\"text-align: justify;\">Enjoy the Dolce Vita! La combinazione dello stile italiano di Laika con la qualit\u00e0 tedesca del gruppo Erwin Hymer risulta in una vasta scelta di camper per ognuno. La gamma completa di Laika copre sia il furgonato per la coppia che il mansardato per la famiglia di sei persone.<\/p>\n<p>[\/vc_column_text][\/vc_column][\/vc_row][vc_row el_class=&#8221;margin-bottom-none margin-top-30&#8243;][vc_column][vc_column_text]<\/p>\n<h3>NOSTRI MARCHI<\/h3>\n<p>[\/vc_column_text]<div class=\"featured-brand \"><div class=\"arrow2 pull-right clearfix slideControls\"><span class=\"next-btn\"><\/span><span class=\"prev-btn\"><\/span><\/div><div class=\"carousel-slider featured_slider\"><div class='slide hoverimg'><a href='https:\/\/www.niesmann-bischoff.com\/it\/' style='background-image: url(https:\/\/u-car.it\/wp-content\/uploads\/2017\/12\/NiesmannBischoff.png);' data-hoverimg='https:\/\/u-car.it\/wp-content\/uploads\/2017\/12\/NiesmannBischoff.png'><\/a><\/div><div class='slide hoverimg'><a href='https:\/\/www.hymer.com\/it\/it' style='background-image: url(https:\/\/u-car.it\/wp-content\/uploads\/2026\/02\/Hymer-Logo-n-120.png);' data-hoverimg='https:\/\/u-car.it\/wp-content\/uploads\/2026\/02\/Hymer-Logo-n-120.png'><\/a><\/div><div class='slide hoverimg'><a href='https:\/\/www.laika.it\/it\/' style='background-image: url(https:\/\/u-car.it\/wp-content\/uploads\/2022\/02\/laika.jpg);' data-hoverimg='https:\/\/u-car.it\/wp-content\/uploads\/2022\/02\/laika.jpg'><\/a><\/div><\/div><\/div>[\/vc_column][\/vc_row]<\/p>\n<\/div>","protected":false},"excerpt":{"rendered":"<p>[vc_row][vc_column][\/vc_column][\/vc_row][vc_row el_class=&#8221;padding-bottom-40 margin-bottom-none&#8221;][vc_column width=&#8221;1\/2&#8243;][vc_single_image image=&#8221;12526&#8243; img_size=&#8221;640&#215;360&#8243; css=&#8221;&#8221;][vc_column_text css=&#8221;.vc_custom_1769421318953{margin-top: 20px !important;}&#8221;]<\/p>\n<p> u-car caravaning <\/p>\n<p style=\"text-align: justify;\">u-car caravaning nasce nel 2016 come rivenditore autorizzato in Trentino \u2013 Alto Adige per i camper\u00a0Niesmann+Bischoff. Nel 2018 la gamma di prodotti rappresentati si \u00e8 allargata con Hymer e nel 2019 con Laika. Nel nostro show-room un team ambizioso \u00e8 a Vostra disposizione per rispondere ad ogni domanda. Vi aspettiamo per offrirVi una consulenza su misura per la scelta e l&#8217;acquisto del Vostro nuovo camper.<\/p>\n<p>[\/vc_column_text][vc_separator][vc_video link=&#8221;https:\/\/www.youtube.com\/watch?v=Bl6FzCHYyc4&#8243;][vc_column_text]<\/p>\n<p> Hymer <\/p>\n<p style=\"text-align: justify;\">Gi\u00e0 da oltre 60 anni Hymer influenza profondamente tutto il mercato delle vacanze itineranti. Autocaravan e furgonati di alta qualit\u00e0 sono sinonimo di Hymer. Nonostante sia uno dei leader del mercato, Hymer \u00e8 uno dei produttori pi\u00f9 innovativi, sempre con l&#8217;idea di migliorare il proprio prodotto.<\/p>\n<p>[\/vc_column_text][\/vc_column][vc_column width=&#8221;1\/2&#8243;][vc_video link=&#8221;https:\/\/www.youtube.com\/watch?v=EuG0WeSRyvA&#8221;][vc_column_text]<\/p>\n<p> Niesmann+Bischoff <\/p>\n<p style=\"text-align: justify;\">La domanda principale per Niesmann+Bischoff \u00e8 &#8220;che esperienza volete fare oggi?&#8221;. Per essere il partner ideale per le Vostre [&#8230;]<\/p>\n","protected":false},"author":1,"featured_media":0,"parent":0,"menu_order":0,"comment_status":"closed","ping_status":"closed","template":"","meta":{"footnotes":""},"class_list":["post-2005","page","type-page","status-publish","hentry"],"_links":{"self":[{"href":"https:\/\/u-car.it\/it\/wp-json\/wp\/v2\/pages\/2005","targetHints":{"allow":["GET"]}}],"collection":[{"href":"https:\/\/u-car.it\/it\/wp-json\/wp\/v2\/pages"}],"about":[{"href":"https:\/\/u-car.it\/it\/wp-json\/wp\/v2\/types\/page"}],"author":[{"embeddable":true,"href":"https:\/\/u-car.it\/it\/wp-json\/wp\/v2\/users\/1"}],"replies":[{"embeddable":true,"href":"https:\/\/u-car.it\/it\/wp-json\/wp\/v2\/comments?post=2005"}],"version-history":[{"count":12,"href":"https:\/\/u-car.it\/it\/wp-json\/wp\/v2\/pages\/2005\/revisions"}],"predecessor-version":[{"id":12547,"href":"https:\/\/u-car.it\/it\/wp-json\/wp\/v2\/pages\/2005\/revisions\/12547"}],"wp:attachment":[{"href":"https:\/\/u-car.it\/it\/wp-json\/wp\/v2\/media?parent=2005"}],"curies":[{"name":"wp","href":"https:\/\/api.w.org\/{rel}","templated":true}]}}