{"id":2036,"date":"2016-05-23T19:29:19","date_gmt":"2016-05-23T17:29:19","guid":{"rendered":"https:\/\/diefarm.u-car.eliassomvi.com\/?page_id=2036&#038;lang=it"},"modified":"2024-05-29T16:51:36","modified_gmt":"2024-05-29T14:51:36","slug":"colofone","status":"publish","type":"page","link":"https:\/\/u-car.it\/it\/colofone\/","title":{"rendered":"Colofone"},"content":{"rendered":"<div class=\"wpb-content-wrapper\"><p>[vc_row][vc_column el_class=&#8221;content&#8221;][vc_column_text]<strong>Utec Srl<\/strong><br \/>\nVia Monte Ivigna 3<br \/>\nI-39010 Cermes<\/p>\n<p>Telefono: 0039 0473 564 099<br \/>\nEmail: <a rel=\"noreferrer\">info@u-car.it<\/a><\/p>\n<p>Codice destinatario per fatture elettroniche: W7YVJK9<br \/>\nCamera di commercio: Bolzano<br \/>\nNumero di iscrizione alla Camera di commercio: BZ 00437920218<br \/>\nREA n.: BZ &#8211; 80887<br \/>\nP. IVA: 00437920218<\/p>\n<p>Capitale sociale \u20ac 100.000,00 interamente versato<\/p>\n<p>Rappresentante legale: Georg Unterholzner<\/p>\n<p>Informazioni obbligatorie ai sensi del Regolamento UE n. 524\/2013 del Parlamento Europeo e del Consiglio: Piattaforma per la risoluzione online delle controversie in materia di consumo (ODR) della Commissione Europea: <a href=\"http:\/\/ec.europa.eu\/consumers\/odr\/\" target=\"_new\" rel=\"noreferrer noopener\">http:\/\/ec.europa.eu\/consumers\/odr\/<\/a><\/p>\n<p>Esclusione di responsabilit\u00e0 La Utec GmbH si impegna, al meglio delle proprie possibilit\u00e0, a garantire che le informazioni contenute in questo sito web siano corrette. Tuttavia, \u00e8 esclusa qualsiasi responsabilit\u00e0 o garanzia per l&#8217;attualit\u00e0, l&#8217;accuratezza e la completezza delle informazioni fornite. Inoltre, la Utec GmbH non \u00e8 responsabile per il contenuto dei siti web esterni collegati tramite hyperlink. La Utec GmbH si riserva il diritto di apportare modifiche o integrazioni alle informazioni fornite senza preavviso.<\/p>\n<p>Responsabile del trattamento dei dati personali Responsabile del trattamento dei dati personali raccolti e trattati durante l&#8217;accesso e l&#8217;utilizzo del sito web \u00e8 la Utec GmbH, 39010 Tscherms. Il referente per la protezione dei dati \u00e8 il signor Georg Unterholzner. Informazioni dettagliate su come vengono gestiti i dati personali dei visitatori del sito web sono disponibili nella sezione <a href=\"\/it\/privacy\">Privacy<\/a>.<\/p>\n<p>Fonti delle immagini Utec Srl, Hymer GmbH &amp; Co. KG, Niesmann+Bischoff GmbH, Carthago Reisemobilbau GmbH, Malibu GmbH &amp; Co. KG, Laika Caravans S.p.A.<\/p>\n<p>Trasparenza In merito agli obblighi di trasparenza relativi a contributi e aiuti di Stato ai sensi degli artt. 125 \u2013 129 della Legge n. 124 del 04.08.2017 e in particolare ai sensi dell&#8217;art. 125-quinquies della stessa legge, l&#8217;azienda dichiara di aver ricevuto contributi soggetti a obbligo di pubblicazione, tutti riportati nel Registro Nazionale degli Aiuti di Stato ai sensi dell&#8217;art. 52 della Legge n. 234 del 24.12.2012 e si rimanda a tale registro.[\/vc_column_text][\/vc_column][\/vc_row]<\/p>\n<\/div>","protected":false},"excerpt":{"rendered":"<p>[vc_row][vc_column el_class=&#8221;content&#8221;][vc_column_text]<strong>Utec Srl<\/strong><br \/> Via Monte Ivigna 3<br \/> I-39010 Cermes<\/p>\n<p>Telefono: 0039 0473 564 099<br \/> Email: info@u-car.it<\/p>\n<p>Codice destinatario per fatture elettroniche: W7YVJK9<br \/> Camera di commercio: Bolzano<br \/> Numero di iscrizione alla Camera di commercio: BZ 00437920218<br \/> REA n.: BZ &#8211; 80887<br \/> P. IVA: 00437920218<\/p>\n<p>Capitale sociale \u20ac 100.000,00 interamente versato<\/p>\n<p>Rappresentante legale: Georg Unterholzner<\/p>\n<p>Informazioni obbligatorie ai sensi del Regolamento UE n. 524\/2013 del Parlamento Europeo e del Consiglio: Piattaforma per la risoluzione online delle controversie in materia di consumo (ODR) della Commissione Europea: http:\/\/ec.europa.eu\/consumers\/odr\/<\/p>\n<p>Esclusione di responsabilit\u00e0 La Utec GmbH si impegna, al meglio delle proprie possibilit\u00e0, a garantire che le informazioni contenute in questo sito web siano corrette. Tuttavia, \u00e8 esclusa qualsiasi responsabilit\u00e0 o garanzia per l&#8217;attualit\u00e0, l&#8217;accuratezza e la completezza delle informazioni fornite. Inoltre, la Utec GmbH non \u00e8 responsabile per il contenuto dei siti web esterni collegati tramite hyperlink. La Utec GmbH si riserva il [&#8230;]<\/p>\n","protected":false},"author":1,"featured_media":0,"parent":0,"menu_order":0,"comment_status":"closed","ping_status":"closed","template":"","meta":{"footnotes":""},"class_list":["post-2036","page","type-page","status-publish","hentry"],"_links":{"self":[{"href":"https:\/\/u-car.it\/it\/wp-json\/wp\/v2\/pages\/2036","targetHints":{"allow":["GET"]}}],"collection":[{"href":"https:\/\/u-car.it\/it\/wp-json\/wp\/v2\/pages"}],"about":[{"href":"https:\/\/u-car.it\/it\/wp-json\/wp\/v2\/types\/page"}],"author":[{"embeddable":true,"href":"https:\/\/u-car.it\/it\/wp-json\/wp\/v2\/users\/1"}],"replies":[{"embeddable":true,"href":"https:\/\/u-car.it\/it\/wp-json\/wp\/v2\/comments?post=2036"}],"version-history":[{"count":0,"href":"https:\/\/u-car.it\/it\/wp-json\/wp\/v2\/pages\/2036\/revisions"}],"wp:attachment":[{"href":"https:\/\/u-car.it\/it\/wp-json\/wp\/v2\/media?parent=2036"}],"curies":[{"name":"wp","href":"https:\/\/api.w.org\/{rel}","templated":true}]}}